{"id":319,"date":"2024-01-20T15:56:10","date_gmt":"2024-01-20T14:56:10","guid":{"rendered":"http:\/\/guidedtourmorocco.com\/?page_id=319"},"modified":"2024-05-02T16:23:46","modified_gmt":"2024-05-02T14:23:46","slug":"aviso-legal","status":"publish","type":"page","link":"https:\/\/guidedtourmorocco.com\/en\/aviso-legal\/","title":{"rendered":"Legal Notice"},"content":{"rendered":"<div data-elementor-type=\"wp-page\" data-elementor-id=\"319\" class=\"elementor elementor-319\" data-elementor-post-type=\"page\">\n\t\t\t\t<div class=\"elementor-element elementor-element-74551f9 e-con-full e-flex e-con e-parent\" data-id=\"74551f9\" data-element_type=\"container\">\n\t\t\t\t<div class=\"elementor-element elementor-element-38a3c62 elementor-widget elementor-widget-heading\" data-id=\"38a3c62\" data-element_type=\"widget\" data-widget_type=\"heading.default\">\n\t\t\t\t<div class=\"elementor-widget-container\">\n\t\t\t<style>\/*! elementor - v3.22.0 - 17-06-2024 *\/\n.elementor-heading-title{padding:0;margin:0;line-height:1}.elementor-widget-heading .elementor-heading-title[class*=elementor-size-]>a{color:inherit;font-size:inherit;line-height:inherit}.elementor-widget-heading .elementor-heading-title.elementor-size-small{font-size:15px}.elementor-widget-heading .elementor-heading-title.elementor-size-medium{font-size:19px}.elementor-widget-heading .elementor-heading-title.elementor-size-large{font-size:29px}.elementor-widget-heading .elementor-heading-title.elementor-size-xl{font-size:39px}.elementor-widget-heading .elementor-heading-title.elementor-size-xxl{font-size:59px}<\/style><h1 class=\"elementor-heading-title elementor-size-default\">LEGAL NOTICE<\/h1>\t\t<\/div>\n\t\t\t\t<\/div>\n\t\t\t\t<div class=\"elementor-element elementor-element-1a555d6 elementor-widget elementor-widget-text-editor\" data-id=\"1a555d6\" data-element_type=\"widget\" data-widget_type=\"text-editor.default\">\n\t\t\t\t<div class=\"elementor-widget-container\">\n\t\t\t<style>\/*! elementor - v3.22.0 - 17-06-2024 *\/\n.elementor-widget-text-editor.elementor-drop-cap-view-stacked .elementor-drop-cap{background-color:#69727d;color:#fff}.elementor-widget-text-editor.elementor-drop-cap-view-framed .elementor-drop-cap{color:#69727d;border:3px solid;background-color:transparent}.elementor-widget-text-editor:not(.elementor-drop-cap-view-default) .elementor-drop-cap{margin-top:8px}.elementor-widget-text-editor:not(.elementor-drop-cap-view-default) .elementor-drop-cap-letter{width:1em;height:1em}.elementor-widget-text-editor .elementor-drop-cap{float:left;text-align:center;line-height:1;font-size:50px}.elementor-widget-text-editor .elementor-drop-cap-letter{display:inline-block}<\/style>\t\t\t\t<p style=\"text-align: left;\"><em>Welcome to the Guided Tour to Morocco!<\/em> We value transparency and the trust of our users. This legal notice sets out the terms and conditions that govern your use of our website.\u00a0<\/p><p style=\"text-align: left;\">By accessing and browsing this platform, you agree to comply with these terms. We encourage you to review carefully the following information before you continue.<\/p><h2 style=\"text-align: left;\"><strong>Intellectual Property<\/strong><\/h2><p style=\"text-align: left;\">All intellectual property rights related to the content of this web site, including but not limited to texts, images, graphics, logos, and code, are protected by the legislation in force in 2024. It is strictly forbidden to use, reproduce, distribute, or modify any portion of the content without the prior written authorization of Guided Tour Morocco.<\/p><h2 style=\"text-align: left;\"><strong>Privacy<\/strong><\/h2><p style=\"text-align: left;\">In Guided Tour Morocco, we value and respect your privacy. Any personal information that you provide to us will be handled in accordance with our current Privacy Policy in 2024. We invite you to carefully review this policy to understand how we collect, use and protect your data.<\/p><h2 style=\"text-align: left;\"><strong>The responsibility of the User<\/strong><\/h2><p style=\"text-align: left;\">By using our site, you agree to use it properly and legally. Prohibited activities that may damage, overload or otherwise interfere with the normal operation of the platform. We reserve the right to take the necessary measures to protect the integrity and security of our site.<\/p><h2 style=\"text-align: left;\"><strong>External Links<\/strong><\/h2><p style=\"text-align: left;\">Our website may contain links to external sites. We do not assume responsibility for, the content, accuracy or privacy policies of these sites. The inclusion of any links does not necessarily imply a recommendation or endorsement of the same.<\/p><h2 style=\"text-align: left;\"><strong>Limitation of Liability<\/strong><\/h2><p style=\"text-align: left;\">We make every effort to ensure the accuracy and updating of information provided on our website. However, we cannot guarantee the complete absence of errors or omissions. We reserve the right to make changes in the content at any time without prior notice.<\/p><h2 style=\"text-align: left;\"><strong>Cookies<\/strong><\/h2><p style=\"text-align: left;\">This web site may use cookies to improve the user experience. By continuing to browse, you agree to the use of cookies in accordance with our Cookies Policy up-to-date in 2024.<\/p><h2 style=\"text-align: left;\"><strong>Contact<\/strong><\/h2><p style=\"text-align: left;\">For any question, clarification or comment related to these terms and conditions, we invite you to get in contact with us through the contact information provided on our contact page.<\/p><p>Thank you for your visit <span style=\"color: #000000;\"><strong><a style=\"color: #000000;\" href=\"https:\/\/guidedtourmorocco.com\/en\/\">Guided Tour Morocco<\/a><\/strong><\/span> and we hope that you enjoy a seamless experience and enriching experience on our website.<\/p>\t\t\t\t\t\t<\/div>\n\t\t\t\t<\/div>\n\t\t\t\t<\/div>\n\t\t<div class=\"elementor-element elementor-element-b046c1f e-flex e-con-boxed e-con e-parent\" data-id=\"b046c1f\" data-element_type=\"container\">\n\t\t\t\t\t<div class=\"e-con-inner\">\n\t\t\t\t<div class=\"elementor-element elementor-element-e7c97f2 elementor-align-center elementor-widget elementor-widget-button\" data-id=\"e7c97f2\" data-element_type=\"widget\" data-widget_type=\"button.default\">\n\t\t\t\t<div class=\"elementor-widget-container\">\n\t\t\t\t\t<div class=\"elementor-button-wrapper\">\n\t\t\t<a class=\"elementor-button elementor-button-link elementor-size-lg\" href=\"https:\/\/guidedtourmorocco.com\/en\/contacto\/\">\n\t\t\t\t\t\t<span class=\"elementor-button-content-wrapper\">\n\t\t\t\t\t\t\t\t\t<span class=\"elementor-button-text\">Contact Now<\/span>\n\t\t\t\t\t<\/span>\n\t\t\t\t\t<\/a>\n\t\t<\/div>\n\t\t\t\t<\/div>\n\t\t\t\t<\/div>\n\t\t\t\t\t<\/div>\n\t\t\t\t<\/div>\n\t\t\t\t<\/div>","protected":false},"excerpt":{"rendered":"<p>AVISO LEGAL \u00a1Bienvenido a Guided Tour Morocco! Valoramos la transparencia y la confianza de nuestros usuarios. Este aviso legal establece los t\u00e9rminos y condiciones que rigen el uso de nuestro sitio web.\u00a0 Al acceder y navegar por esta plataforma, aceptas cumplir con estos t\u00e9rminos. Te recomendamos que revises detenidamente la siguiente informaci\u00f3n antes de continuar. [&hellip;]<\/p>","protected":false},"author":1,"featured_media":0,"parent":0,"menu_order":0,"comment_status":"closed","ping_status":"closed","template":"","meta":{"footnotes":""},"yoast_head":"<!-- This site is optimized with the Yoast SEO plugin v22.9 - https:\/\/yoast.com\/wordpress\/plugins\/seo\/ -->\n<title>Aviso Legal | Guided Tour Morocco | Lo que Necesitas Saber<\/title>\n<meta name=\"description\" content=\"Consulta nuestro Aviso Legal para conocer los t\u00e9rminos y condiciones que rigen tu experiencia en Guided Tour Morocco. Descubre c\u00f3mo protegemos tu privacidad, salvaguardamos la propiedad intelectual y garantizamos la transparencia en cada aspecto de tu viaje. Navega con confianza, sabiendo que tu satisfacci\u00f3n y seguridad son nuestras principales prioridades. Bienvenido a una experiencia donde la claridad y la integridad se encuentran.\" \/>\n<meta name=\"robots\" content=\"index, follow, max-snippet:-1, max-image-preview:large, max-video-preview:-1\" \/>\n<link rel=\"canonical\" href=\"https:\/\/guidedtourmorocco.com\/en\/aviso-legal\/\" \/>\n<meta property=\"og:locale\" content=\"en_US\" \/>\n<meta property=\"og:type\" content=\"article\" \/>\n<meta property=\"og:title\" content=\"Aviso Legal | Guided Tour Morocco | Lo que Necesitas Saber\" \/>\n<meta property=\"og:description\" content=\"Consulta nuestro Aviso Legal para conocer los t\u00e9rminos y condiciones que rigen tu experiencia en Guided Tour Morocco. Descubre c\u00f3mo protegemos tu privacidad, salvaguardamos la propiedad intelectual y garantizamos la transparencia en cada aspecto de tu viaje. Navega con confianza, sabiendo que tu satisfacci\u00f3n y seguridad son nuestras principales prioridades. Bienvenido a una experiencia donde la claridad y la integridad se encuentran.\" \/>\n<meta property=\"og:url\" content=\"https:\/\/guidedtourmorocco.com\/en\/aviso-legal\/\" \/>\n<meta property=\"og:site_name\" content=\"Guided Tour Morocco\" \/>\n<meta property=\"article:modified_time\" content=\"2024-05-02T14:23:46+00:00\" \/>\n<meta name=\"twitter:card\" content=\"summary_large_image\" \/>\n<meta name=\"twitter:label1\" content=\"Est. reading time\" \/>\n\t<meta name=\"twitter:data1\" content=\"2 minutes\" \/>\n<script type=\"application\/ld+json\" class=\"yoast-schema-graph\">{\"@context\":\"https:\/\/schema.org\",\"@graph\":[{\"@type\":\"WebPage\",\"@id\":\"https:\/\/guidedtourmorocco.com\/aviso-legal\/\",\"url\":\"https:\/\/guidedtourmorocco.com\/aviso-legal\/\",\"name\":\"Aviso Legal | Guided Tour Morocco | Lo que Necesitas Saber\",\"isPartOf\":{\"@id\":\"https:\/\/guidedtourmorocco.com\/#website\"},\"datePublished\":\"2024-01-20T14:56:10+00:00\",\"dateModified\":\"2024-05-02T14:23:46+00:00\",\"description\":\"Consulta nuestro Aviso Legal para conocer los t\u00e9rminos y condiciones que rigen tu experiencia en Guided Tour Morocco. Descubre c\u00f3mo protegemos tu privacidad, salvaguardamos la propiedad intelectual y garantizamos la transparencia en cada aspecto de tu viaje. Navega con confianza, sabiendo que tu satisfacci\u00f3n y seguridad son nuestras principales prioridades. Bienvenido a una experiencia donde la claridad y la integridad se encuentran.\",\"breadcrumb\":{\"@id\":\"https:\/\/guidedtourmorocco.com\/aviso-legal\/#breadcrumb\"},\"inLanguage\":\"en-US\",\"potentialAction\":[{\"@type\":\"ReadAction\",\"target\":[\"https:\/\/guidedtourmorocco.com\/aviso-legal\/\"]}]},{\"@type\":\"BreadcrumbList\",\"@id\":\"https:\/\/guidedtourmorocco.com\/aviso-legal\/#breadcrumb\",\"itemListElement\":[{\"@type\":\"ListItem\",\"position\":1,\"name\":\"Portada\",\"item\":\"https:\/\/guidedtourmorocco.com\/\"},{\"@type\":\"ListItem\",\"position\":2,\"name\":\"Aviso Legal\"}]},{\"@type\":\"WebSite\",\"@id\":\"https:\/\/guidedtourmorocco.com\/#website\",\"url\":\"https:\/\/guidedtourmorocco.com\/\",\"name\":\"Guided Tour Morocco\",\"description\":\"Descubre la magia de Marruecos con nuestro sitio dedicado a ofrecerte experiencias inolvidables en este fascinante destino. Sum\u00e9rgete en la riqueza cultural, los paisajes impresionantes y la hospitalidad \u00fanica que solo Marruecos puede ofrecer. Desde tours por las ciudades m\u00e1s emblem\u00e1ticas hasta aventuras en el desierto del Sahara, nuestro sitio te guiar\u00e1 en cada paso de tu viaje, asegurando una experiencia aut\u00e9ntica y memorable. \u00a1Explora Marruecos con nosotros y d\u00e9jate cautivar por su belleza y encanto!\",\"publisher\":{\"@id\":\"https:\/\/guidedtourmorocco.com\/#organization\"},\"potentialAction\":[{\"@type\":\"SearchAction\",\"target\":{\"@type\":\"EntryPoint\",\"urlTemplate\":\"https:\/\/guidedtourmorocco.com\/?s={search_term_string}\"},\"query-input\":\"required name=search_term_string\"}],\"inLanguage\":\"en-US\"},{\"@type\":\"Organization\",\"@id\":\"https:\/\/guidedtourmorocco.com\/#organization\",\"name\":\"Guided Tour Morocco\",\"url\":\"https:\/\/guidedtourmorocco.com\/\",\"logo\":{\"@type\":\"ImageObject\",\"inLanguage\":\"en-US\",\"@id\":\"https:\/\/guidedtourmorocco.com\/#\/schema\/logo\/image\/\",\"url\":\"https:\/\/guidedtourmorocco.com\/wp-content\/uploads\/2024\/02\/guided-tour-morocco-tours-a-marruecos.png\",\"contentUrl\":\"https:\/\/guidedtourmorocco.com\/wp-content\/uploads\/2024\/02\/guided-tour-morocco-tours-a-marruecos.png\",\"width\":600,\"height\":600,\"caption\":\"Guided Tour Morocco\"},\"image\":{\"@id\":\"https:\/\/guidedtourmorocco.com\/#\/schema\/logo\/image\/\"}}]}<\/script>\n<!-- \/ Yoast SEO plugin. -->","yoast_head_json":{"title":"Aviso Legal | Guided Tour Morocco | Lo que Necesitas Saber","description":"Consulta nuestro Aviso Legal para conocer los t\u00e9rminos y condiciones que rigen tu experiencia en Guided Tour Morocco. Descubre c\u00f3mo protegemos tu privacidad, salvaguardamos la propiedad intelectual y garantizamos la transparencia en cada aspecto de tu viaje. Navega con confianza, sabiendo que tu satisfacci\u00f3n y seguridad son nuestras principales prioridades. Bienvenido a una experiencia donde la claridad y la integridad se encuentran.","robots":{"index":"index","follow":"follow","max-snippet":"max-snippet:-1","max-image-preview":"max-image-preview:large","max-video-preview":"max-video-preview:-1"},"canonical":"https:\/\/guidedtourmorocco.com\/en\/aviso-legal\/","og_locale":"en_US","og_type":"article","og_title":"Aviso Legal | Guided Tour Morocco | Lo que Necesitas Saber","og_description":"Consulta nuestro Aviso Legal para conocer los t\u00e9rminos y condiciones que rigen tu experiencia en Guided Tour Morocco. Descubre c\u00f3mo protegemos tu privacidad, salvaguardamos la propiedad intelectual y garantizamos la transparencia en cada aspecto de tu viaje. Navega con confianza, sabiendo que tu satisfacci\u00f3n y seguridad son nuestras principales prioridades. Bienvenido a una experiencia donde la claridad y la integridad se encuentran.","og_url":"https:\/\/guidedtourmorocco.com\/en\/aviso-legal\/","og_site_name":"Guided Tour Morocco","article_modified_time":"2024-05-02T14:23:46+00:00","twitter_card":"summary_large_image","twitter_misc":{"Est. reading time":"2 minutes"},"schema":{"@context":"https:\/\/schema.org","@graph":[{"@type":"WebPage","@id":"https:\/\/guidedtourmorocco.com\/aviso-legal\/","url":"https:\/\/guidedtourmorocco.com\/aviso-legal\/","name":"Aviso Legal | Guided Tour Morocco | Lo que Necesitas Saber","isPartOf":{"@id":"https:\/\/guidedtourmorocco.com\/#website"},"datePublished":"2024-01-20T14:56:10+00:00","dateModified":"2024-05-02T14:23:46+00:00","description":"Consulta nuestro Aviso Legal para conocer los t\u00e9rminos y condiciones que rigen tu experiencia en Guided Tour Morocco. Descubre c\u00f3mo protegemos tu privacidad, salvaguardamos la propiedad intelectual y garantizamos la transparencia en cada aspecto de tu viaje. Navega con confianza, sabiendo que tu satisfacci\u00f3n y seguridad son nuestras principales prioridades. Bienvenido a una experiencia donde la claridad y la integridad se encuentran.","breadcrumb":{"@id":"https:\/\/guidedtourmorocco.com\/aviso-legal\/#breadcrumb"},"inLanguage":"en-US","potentialAction":[{"@type":"ReadAction","target":["https:\/\/guidedtourmorocco.com\/aviso-legal\/"]}]},{"@type":"BreadcrumbList","@id":"https:\/\/guidedtourmorocco.com\/aviso-legal\/#breadcrumb","itemListElement":[{"@type":"ListItem","position":1,"name":"Portada","item":"https:\/\/guidedtourmorocco.com\/"},{"@type":"ListItem","position":2,"name":"Aviso Legal"}]},{"@type":"WebSite","@id":"https:\/\/guidedtourmorocco.com\/#website","url":"https:\/\/guidedtourmorocco.com\/","name":"Guided Tour Morocco","description":"Descubre la magia de Marruecos con nuestro sitio dedicado a ofrecerte experiencias inolvidables en este fascinante destino. Sum\u00e9rgete en la riqueza cultural, los paisajes impresionantes y la hospitalidad \u00fanica que solo Marruecos puede ofrecer. Desde tours por las ciudades m\u00e1s emblem\u00e1ticas hasta aventuras en el desierto del Sahara, nuestro sitio te guiar\u00e1 en cada paso de tu viaje, asegurando una experiencia aut\u00e9ntica y memorable. \u00a1Explora Marruecos con nosotros y d\u00e9jate cautivar por su belleza y encanto!","publisher":{"@id":"https:\/\/guidedtourmorocco.com\/#organization"},"potentialAction":[{"@type":"SearchAction","target":{"@type":"EntryPoint","urlTemplate":"https:\/\/guidedtourmorocco.com\/?s={search_term_string}"},"query-input":"required name=search_term_string"}],"inLanguage":"en-US"},{"@type":"Organization","@id":"https:\/\/guidedtourmorocco.com\/#organization","name":"Guided Tour Morocco","url":"https:\/\/guidedtourmorocco.com\/","logo":{"@type":"ImageObject","inLanguage":"en-US","@id":"https:\/\/guidedtourmorocco.com\/#\/schema\/logo\/image\/","url":"https:\/\/guidedtourmorocco.com\/wp-content\/uploads\/2024\/02\/guided-tour-morocco-tours-a-marruecos.png","contentUrl":"https:\/\/guidedtourmorocco.com\/wp-content\/uploads\/2024\/02\/guided-tour-morocco-tours-a-marruecos.png","width":600,"height":600,"caption":"Guided Tour Morocco"},"image":{"@id":"https:\/\/guidedtourmorocco.com\/#\/schema\/logo\/image\/"}}]}},"_links":{"self":[{"href":"https:\/\/guidedtourmorocco.com\/en\/wp-json\/wp\/v2\/pages\/319"}],"collection":[{"href":"https:\/\/guidedtourmorocco.com\/en\/wp-json\/wp\/v2\/pages"}],"about":[{"href":"https:\/\/guidedtourmorocco.com\/en\/wp-json\/wp\/v2\/types\/page"}],"author":[{"embeddable":true,"href":"https:\/\/guidedtourmorocco.com\/en\/wp-json\/wp\/v2\/users\/1"}],"replies":[{"embeddable":true,"href":"https:\/\/guidedtourmorocco.com\/en\/wp-json\/wp\/v2\/comments?post=319"}],"version-history":[{"count":34,"href":"https:\/\/guidedtourmorocco.com\/en\/wp-json\/wp\/v2\/pages\/319\/revisions"}],"predecessor-version":[{"id":4525,"href":"https:\/\/guidedtourmorocco.com\/en\/wp-json\/wp\/v2\/pages\/319\/revisions\/4525"}],"wp:attachment":[{"href":"https:\/\/guidedtourmorocco.com\/en\/wp-json\/wp\/v2\/media?parent=319"}],"curies":[{"name":"wp","href":"https:\/\/api.w.org\/{rel}","templated":true}]}}