{"id":327,"date":"2024-01-20T16:06:30","date_gmt":"2024-01-20T15:06:30","guid":{"rendered":"http:\/\/guidedtourmorocco.com\/?page_id=327"},"modified":"2024-05-02T16:21:34","modified_gmt":"2024-05-02T14:21:34","slug":"politica-de-cookies","status":"publish","type":"page","link":"https:\/\/guidedtourmorocco.com\/en\/politica-de-cookies\/","title":{"rendered":"Cookie policy"},"content":{"rendered":"<div data-elementor-type=\"wp-page\" data-elementor-id=\"327\" class=\"elementor elementor-327\" data-elementor-post-type=\"page\">\n\t\t\t\t<div class=\"elementor-element elementor-element-cfcef6f e-flex e-con-boxed e-con e-parent\" data-id=\"cfcef6f\" data-element_type=\"container\">\n\t\t\t\t\t<div class=\"e-con-inner\">\n\t\t\t\t<div class=\"elementor-element elementor-element-403ebec elementor-widget elementor-widget-heading\" data-id=\"403ebec\" data-element_type=\"widget\" data-widget_type=\"heading.default\">\n\t\t\t\t<div class=\"elementor-widget-container\">\n\t\t\t<style>\/*! elementor - v3.22.0 - 17-06-2024 *\/\n.elementor-heading-title{padding:0;margin:0;line-height:1}.elementor-widget-heading .elementor-heading-title[class*=elementor-size-]>a{color:inherit;font-size:inherit;line-height:inherit}.elementor-widget-heading .elementor-heading-title.elementor-size-small{font-size:15px}.elementor-widget-heading .elementor-heading-title.elementor-size-medium{font-size:19px}.elementor-widget-heading .elementor-heading-title.elementor-size-large{font-size:29px}.elementor-widget-heading .elementor-heading-title.elementor-size-xl{font-size:39px}.elementor-widget-heading .elementor-heading-title.elementor-size-xxl{font-size:59px}<\/style><h1 class=\"elementor-heading-title elementor-size-xl\">Cookie policy<\/h1>\t\t<\/div>\n\t\t\t\t<\/div>\n\t\t\t\t\t<\/div>\n\t\t\t\t<\/div>\n\t\t<div class=\"elementor-element elementor-element-ddc5283 e-flex e-con-boxed e-con e-parent\" data-id=\"ddc5283\" data-element_type=\"container\">\n\t\t\t\t\t<div class=\"e-con-inner\">\n\t\t\t\t<div class=\"elementor-element elementor-element-070ecef elementor-widget elementor-widget-text-editor\" data-id=\"070ecef\" data-element_type=\"widget\" data-widget_type=\"text-editor.default\">\n\t\t\t\t<div class=\"elementor-widget-container\">\n\t\t\t<style>\/*! elementor - v3.22.0 - 17-06-2024 *\/\n.elementor-widget-text-editor.elementor-drop-cap-view-stacked .elementor-drop-cap{background-color:#69727d;color:#fff}.elementor-widget-text-editor.elementor-drop-cap-view-framed .elementor-drop-cap{color:#69727d;border:3px solid;background-color:transparent}.elementor-widget-text-editor:not(.elementor-drop-cap-view-default) .elementor-drop-cap{margin-top:8px}.elementor-widget-text-editor:not(.elementor-drop-cap-view-default) .elementor-drop-cap-letter{width:1em;height:1em}.elementor-widget-text-editor .elementor-drop-cap{float:left;text-align:center;line-height:1;font-size:50px}.elementor-widget-text-editor .elementor-drop-cap-letter{display:inline-block}<\/style>\t\t\t\t<p>In Guided Tour Morocco, we value your privacy and we strive to give you the best possible user experience. Our Cookie Policy aims to inform you about the use of cookies on our website and how it affects your browsing experience.<\/p><h1>1. What are Cookies?<\/h1><p>Cookies are small text files that are stored on your device when you visit our web site. These cookies allow us to improve site functionality, personalize your experience and analyze the performance of the same.<\/p><h2>2. Types of Cookies Used:<\/h2><p><strong>Strictly Necessary Cookies:<\/strong> Essential to the operation of the website and allow you to navigate and use the basic functions.<br \/><strong>Performance Cookies:<\/strong> Help us to understand how you interact with the site, providing information about the areas you visit, and any problem that you can find.<br \/><strong>Functionality Cookies:<\/strong> Allow the site to remember your preferences, such as language, to provide a more personalized experience.<br \/><strong>Third party Cookies:<\/strong> We do not use third party cookies for advertising purposes. All of the cookies on our site are of origin, and are under our control.<\/p><h2>3. How Can you Manage Cookies?<\/h2><p>You can manage cookies through the settings in your browser. Please note that disabling certain cookies may affect the functionality and experience of browsing our site.<\/p><h2>4. Use of Information:<\/h2><p>The information collected through cookies is used exclusively to improve our website and provide you with more relevant content. We do not share this information with third parties and ensure that is used safely and confidential.<\/p><h2>5. Consent:<\/h2><p>By continuing to browse our site, you agree to the use of cookies in accordance with this policy.<\/p><h2>6. Policy updates:<\/h2><p>We reserve the right to make changes in this Cookies Policy. Any update will be posted on this page, and we recommend you review it periodically.<\/p><p>If you have any questions about our <span style=\"color: #000000;\"><a style=\"color: #000000;\" href=\"https:\/\/guidedtourmorocco.com\/en\/politica-de-cookies\/\"><strong>Cookie policy<\/strong><\/a><\/span>, do not hesitate to get in <a href=\"https:\/\/guidedtourmorocco.com\/en\/contacto\/\"><strong><span style=\"color: #000000;\">contact<\/span><\/strong><\/a> with us through the contact information provided on our contact page.<\/p><p style=\"text-align: center;\"><em>Thank you for trusting Guided Tour Morocco. We hope you enjoy your experience with us!<\/em><\/p>\t\t\t\t\t\t<\/div>\n\t\t\t\t<\/div>\n\t\t\t\t\t<\/div>\n\t\t\t\t<\/div>\n\t\t\t\t<\/div>","protected":false},"excerpt":{"rendered":"<p>Pol\u00edtica de Cookies En Guided Tour Morocco, valoramos tu privacidad y nos esforzamos por brindarte la mejor experiencia de usuario posible. Nuestra Pol\u00edtica de Cookies tiene como objetivo informarte sobre el uso de cookies en nuestro sitio web y c\u00f3mo afecta tu experiencia de navegaci\u00f3n. 1. \u00bfQu\u00e9 son las Cookies? Las cookies son peque\u00f1os archivos [&hellip;]<\/p>","protected":false},"author":1,"featured_media":0,"parent":0,"menu_order":0,"comment_status":"closed","ping_status":"closed","template":"","meta":{"footnotes":""},"yoast_head":"<!-- This site is optimized with the Yoast SEO plugin v22.9 - https:\/\/yoast.com\/wordpress\/plugins\/seo\/ -->\n<title>Pol\u00edtica de Cookies | Guided Tour Morocco | \u00a1\u00c9chale un vistazo!<\/title>\n<meta name=\"description\" content=\"Explora nuestra Pol\u00edtica de Cookies en Guided Tour Morocco, donde la transparencia y el respeto por tu privacidad son fundamentales. Descubre c\u00f3mo utilizamos cookies para mejorar tu experiencia de usuario y garantizar un viaje digital seguro. Navega con confianza, sabiendo que tu privacidad es nuestro compromiso.\" \/>\n<meta name=\"robots\" content=\"index, follow, max-snippet:-1, max-image-preview:large, max-video-preview:-1\" \/>\n<link rel=\"canonical\" href=\"https:\/\/guidedtourmorocco.com\/en\/politica-de-cookies\/\" \/>\n<meta property=\"og:locale\" content=\"en_US\" \/>\n<meta property=\"og:type\" content=\"article\" \/>\n<meta property=\"og:title\" content=\"Pol\u00edtica de Cookies | Guided Tour Morocco | \u00a1\u00c9chale un vistazo!\" \/>\n<meta property=\"og:description\" content=\"Explora nuestra Pol\u00edtica de Cookies en Guided Tour Morocco, donde la transparencia y el respeto por tu privacidad son fundamentales. Descubre c\u00f3mo utilizamos cookies para mejorar tu experiencia de usuario y garantizar un viaje digital seguro. Navega con confianza, sabiendo que tu privacidad es nuestro compromiso.\" \/>\n<meta property=\"og:url\" content=\"https:\/\/guidedtourmorocco.com\/en\/politica-de-cookies\/\" \/>\n<meta property=\"og:site_name\" content=\"Guided Tour Morocco\" \/>\n<meta property=\"article:modified_time\" content=\"2024-05-02T14:21:34+00:00\" \/>\n<meta name=\"twitter:card\" content=\"summary_large_image\" \/>\n<meta name=\"twitter:label1\" content=\"Est. reading time\" \/>\n\t<meta name=\"twitter:data1\" content=\"2 minutes\" \/>\n<script type=\"application\/ld+json\" class=\"yoast-schema-graph\">{\"@context\":\"https:\/\/schema.org\",\"@graph\":[{\"@type\":\"WebPage\",\"@id\":\"https:\/\/guidedtourmorocco.com\/politica-de-cookies\/\",\"url\":\"https:\/\/guidedtourmorocco.com\/politica-de-cookies\/\",\"name\":\"Pol\u00edtica de Cookies | Guided Tour Morocco | \u00a1\u00c9chale un vistazo!\",\"isPartOf\":{\"@id\":\"https:\/\/guidedtourmorocco.com\/#website\"},\"datePublished\":\"2024-01-20T15:06:30+00:00\",\"dateModified\":\"2024-05-02T14:21:34+00:00\",\"description\":\"Explora nuestra Pol\u00edtica de Cookies en Guided Tour Morocco, donde la transparencia y el respeto por tu privacidad son fundamentales. Descubre c\u00f3mo utilizamos cookies para mejorar tu experiencia de usuario y garantizar un viaje digital seguro. Navega con confianza, sabiendo que tu privacidad es nuestro compromiso.\",\"breadcrumb\":{\"@id\":\"https:\/\/guidedtourmorocco.com\/politica-de-cookies\/#breadcrumb\"},\"inLanguage\":\"en-US\",\"potentialAction\":[{\"@type\":\"ReadAction\",\"target\":[\"https:\/\/guidedtourmorocco.com\/politica-de-cookies\/\"]}]},{\"@type\":\"BreadcrumbList\",\"@id\":\"https:\/\/guidedtourmorocco.com\/politica-de-cookies\/#breadcrumb\",\"itemListElement\":[{\"@type\":\"ListItem\",\"position\":1,\"name\":\"Portada\",\"item\":\"https:\/\/guidedtourmorocco.com\/\"},{\"@type\":\"ListItem\",\"position\":2,\"name\":\"Pol\u00edtica de Cookies\"}]},{\"@type\":\"WebSite\",\"@id\":\"https:\/\/guidedtourmorocco.com\/#website\",\"url\":\"https:\/\/guidedtourmorocco.com\/\",\"name\":\"Guided Tour Morocco\",\"description\":\"Descubre la magia de Marruecos con nuestro sitio dedicado a ofrecerte experiencias inolvidables en este fascinante destino. Sum\u00e9rgete en la riqueza cultural, los paisajes impresionantes y la hospitalidad \u00fanica que solo Marruecos puede ofrecer. Desde tours por las ciudades m\u00e1s emblem\u00e1ticas hasta aventuras en el desierto del Sahara, nuestro sitio te guiar\u00e1 en cada paso de tu viaje, asegurando una experiencia aut\u00e9ntica y memorable. \u00a1Explora Marruecos con nosotros y d\u00e9jate cautivar por su belleza y encanto!\",\"publisher\":{\"@id\":\"https:\/\/guidedtourmorocco.com\/#organization\"},\"potentialAction\":[{\"@type\":\"SearchAction\",\"target\":{\"@type\":\"EntryPoint\",\"urlTemplate\":\"https:\/\/guidedtourmorocco.com\/?s={search_term_string}\"},\"query-input\":\"required name=search_term_string\"}],\"inLanguage\":\"en-US\"},{\"@type\":\"Organization\",\"@id\":\"https:\/\/guidedtourmorocco.com\/#organization\",\"name\":\"Guided Tour Morocco\",\"url\":\"https:\/\/guidedtourmorocco.com\/\",\"logo\":{\"@type\":\"ImageObject\",\"inLanguage\":\"en-US\",\"@id\":\"https:\/\/guidedtourmorocco.com\/#\/schema\/logo\/image\/\",\"url\":\"https:\/\/guidedtourmorocco.com\/wp-content\/uploads\/2024\/02\/guided-tour-morocco-tours-a-marruecos.png\",\"contentUrl\":\"https:\/\/guidedtourmorocco.com\/wp-content\/uploads\/2024\/02\/guided-tour-morocco-tours-a-marruecos.png\",\"width\":600,\"height\":600,\"caption\":\"Guided Tour Morocco\"},\"image\":{\"@id\":\"https:\/\/guidedtourmorocco.com\/#\/schema\/logo\/image\/\"}}]}<\/script>\n<!-- \/ Yoast SEO plugin. -->","yoast_head_json":{"title":"Pol\u00edtica de Cookies | Guided Tour Morocco | \u00a1\u00c9chale un vistazo!","description":"Explora nuestra Pol\u00edtica de Cookies en Guided Tour Morocco, donde la transparencia y el respeto por tu privacidad son fundamentales. Descubre c\u00f3mo utilizamos cookies para mejorar tu experiencia de usuario y garantizar un viaje digital seguro. Navega con confianza, sabiendo que tu privacidad es nuestro compromiso.","robots":{"index":"index","follow":"follow","max-snippet":"max-snippet:-1","max-image-preview":"max-image-preview:large","max-video-preview":"max-video-preview:-1"},"canonical":"https:\/\/guidedtourmorocco.com\/en\/politica-de-cookies\/","og_locale":"en_US","og_type":"article","og_title":"Pol\u00edtica de Cookies | Guided Tour Morocco | \u00a1\u00c9chale un vistazo!","og_description":"Explora nuestra Pol\u00edtica de Cookies en Guided Tour Morocco, donde la transparencia y el respeto por tu privacidad son fundamentales. Descubre c\u00f3mo utilizamos cookies para mejorar tu experiencia de usuario y garantizar un viaje digital seguro. Navega con confianza, sabiendo que tu privacidad es nuestro compromiso.","og_url":"https:\/\/guidedtourmorocco.com\/en\/politica-de-cookies\/","og_site_name":"Guided Tour Morocco","article_modified_time":"2024-05-02T14:21:34+00:00","twitter_card":"summary_large_image","twitter_misc":{"Est. reading time":"2 minutes"},"schema":{"@context":"https:\/\/schema.org","@graph":[{"@type":"WebPage","@id":"https:\/\/guidedtourmorocco.com\/politica-de-cookies\/","url":"https:\/\/guidedtourmorocco.com\/politica-de-cookies\/","name":"Pol\u00edtica de Cookies | Guided Tour Morocco | \u00a1\u00c9chale un vistazo!","isPartOf":{"@id":"https:\/\/guidedtourmorocco.com\/#website"},"datePublished":"2024-01-20T15:06:30+00:00","dateModified":"2024-05-02T14:21:34+00:00","description":"Explora nuestra Pol\u00edtica de Cookies en Guided Tour Morocco, donde la transparencia y el respeto por tu privacidad son fundamentales. Descubre c\u00f3mo utilizamos cookies para mejorar tu experiencia de usuario y garantizar un viaje digital seguro. Navega con confianza, sabiendo que tu privacidad es nuestro compromiso.","breadcrumb":{"@id":"https:\/\/guidedtourmorocco.com\/politica-de-cookies\/#breadcrumb"},"inLanguage":"en-US","potentialAction":[{"@type":"ReadAction","target":["https:\/\/guidedtourmorocco.com\/politica-de-cookies\/"]}]},{"@type":"BreadcrumbList","@id":"https:\/\/guidedtourmorocco.com\/politica-de-cookies\/#breadcrumb","itemListElement":[{"@type":"ListItem","position":1,"name":"Portada","item":"https:\/\/guidedtourmorocco.com\/"},{"@type":"ListItem","position":2,"name":"Pol\u00edtica de Cookies"}]},{"@type":"WebSite","@id":"https:\/\/guidedtourmorocco.com\/#website","url":"https:\/\/guidedtourmorocco.com\/","name":"Guided Tour Morocco","description":"Descubre la magia de Marruecos con nuestro sitio dedicado a ofrecerte experiencias inolvidables en este fascinante destino. Sum\u00e9rgete en la riqueza cultural, los paisajes impresionantes y la hospitalidad \u00fanica que solo Marruecos puede ofrecer. Desde tours por las ciudades m\u00e1s emblem\u00e1ticas hasta aventuras en el desierto del Sahara, nuestro sitio te guiar\u00e1 en cada paso de tu viaje, asegurando una experiencia aut\u00e9ntica y memorable. \u00a1Explora Marruecos con nosotros y d\u00e9jate cautivar por su belleza y encanto!","publisher":{"@id":"https:\/\/guidedtourmorocco.com\/#organization"},"potentialAction":[{"@type":"SearchAction","target":{"@type":"EntryPoint","urlTemplate":"https:\/\/guidedtourmorocco.com\/?s={search_term_string}"},"query-input":"required name=search_term_string"}],"inLanguage":"en-US"},{"@type":"Organization","@id":"https:\/\/guidedtourmorocco.com\/#organization","name":"Guided Tour Morocco","url":"https:\/\/guidedtourmorocco.com\/","logo":{"@type":"ImageObject","inLanguage":"en-US","@id":"https:\/\/guidedtourmorocco.com\/#\/schema\/logo\/image\/","url":"https:\/\/guidedtourmorocco.com\/wp-content\/uploads\/2024\/02\/guided-tour-morocco-tours-a-marruecos.png","contentUrl":"https:\/\/guidedtourmorocco.com\/wp-content\/uploads\/2024\/02\/guided-tour-morocco-tours-a-marruecos.png","width":600,"height":600,"caption":"Guided Tour Morocco"},"image":{"@id":"https:\/\/guidedtourmorocco.com\/#\/schema\/logo\/image\/"}}]}},"_links":{"self":[{"href":"https:\/\/guidedtourmorocco.com\/en\/wp-json\/wp\/v2\/pages\/327"}],"collection":[{"href":"https:\/\/guidedtourmorocco.com\/en\/wp-json\/wp\/v2\/pages"}],"about":[{"href":"https:\/\/guidedtourmorocco.com\/en\/wp-json\/wp\/v2\/types\/page"}],"author":[{"embeddable":true,"href":"https:\/\/guidedtourmorocco.com\/en\/wp-json\/wp\/v2\/users\/1"}],"replies":[{"embeddable":true,"href":"https:\/\/guidedtourmorocco.com\/en\/wp-json\/wp\/v2\/comments?post=327"}],"version-history":[{"count":10,"href":"https:\/\/guidedtourmorocco.com\/en\/wp-json\/wp\/v2\/pages\/327\/revisions"}],"predecessor-version":[{"id":4516,"href":"https:\/\/guidedtourmorocco.com\/en\/wp-json\/wp\/v2\/pages\/327\/revisions\/4516"}],"wp:attachment":[{"href":"https:\/\/guidedtourmorocco.com\/en\/wp-json\/wp\/v2\/media?parent=327"}],"curies":[{"name":"wp","href":"https:\/\/api.w.org\/{rel}","templated":true}]}}